{"id":1725,"date":"2025-02-23T09:52:46","date_gmt":"2025-02-23T09:52:46","guid":{"rendered":"https:\/\/frcscourse.com\/FRCSRiyadh2024\/?page_id=1725"},"modified":"2025-03-10T12:36:43","modified_gmt":"2025-03-10T12:36:43","slug":"international-new","status":"publish","type":"page","link":"https:\/\/saphconference.com\/SAPH2020\/international-new\/","title":{"rendered":"Faculty"},"content":{"rendered":"<table style=\"line-height: 15px;\" width=\"930\">\n<tbody>\n<tr>\n<td valign=\"top\" width=\"366\">\n<h2><span style=\"color: #1a3450;\">Faculty Members<\/span><em><span style=\"font-size: 15px; color: #ce161c;\"> (Alphabetical)<\/span><\/em><\/h2>\n<\/td>\n<td valign=\"top\" width=\"364\"><\/td>\n<\/tr>\n<\/tbody>\n<\/table>\n<table style=\"line-height: 15px;\" width=\"930\">\n<tbody>\n<tr>\n<td valign=\"top\" width=\"366\"><strong><a href=\"https:\/\/saphconference.com\/SAPH2020\/wp-content\/uploads\/2025\/03\/aldalaan_profile.jpg\"><img loading=\"lazy\" decoding=\"async\" class=\"alignleft wp-image-2649 size-full\" style=\"margin-top: 0px;\" src=\"https:\/\/saphconference.com\/SAPH2020\/wp-content\/uploads\/2025\/03\/aldalaan.jpg\" alt=\"\" width=\"100\" height=\"130\" \/><\/a>Abdullah M. Aldalaan, MD<\/strong><br \/>\nChairman, the 13th Annual Conference of<br \/>\nSaudi Association for Pulmonary Hypertension (SAPH2020)<br \/>\nPresident, Saudi Association for Pulmonary Hypertension<br \/>\nConsultant, Pulmonologist &amp; Intensivist<br \/>\nDepartment of Medicine<br \/>\nKing Faisal Specialist Hospital and Research Centre<br \/>\n<span style=\"color: #326cb5; font-weight: 500;\">Riyadh, Saudi Arabia<\/span><\/td>\n<td valign=\"top\" width=\"364\"><a href=\"https:\/\/saphconference.com\/SAPH2020\/wp-content\/uploads\/2025\/03\/busaidi_profile.jpg\"><img loading=\"lazy\" decoding=\"async\" class=\"alignleft wp-image-2650 size-full\" style=\"margin-top: 0px;\" src=\"https:\/\/saphconference.com\/SAPH2020\/wp-content\/uploads\/2025\/03\/busaidi.jpg\" alt=\"\" width=\"100\" height=\"130\" \/><\/a><strong>Nasser Al Busaidi, MBBS, FRCP (UK), FRCPI, FCCP, MSc<\/strong><br \/>\nSenior Consultant Pulmonologist<br \/>\nDepartment of Medicine, Royal Hospital<br \/>\nSultanate of Oman<br \/>\nPresident, Oman Respiratory Society<br \/>\n<span style=\"color: #326cb5; font-weight: 500;\">Muscat, Oman<\/span><\/td>\n<\/tr>\n<\/tbody>\n<\/table>\n<table style=\"line-height: 15px;\" width=\"930\">\n<tbody>\n<tr>\n<td valign=\"top\" width=\"366\"><a href=\"https:\/\/saphconference.com\/SAPH2020\/wp-content\/uploads\/2025\/03\/dahhan_profile.jpg\"><img loading=\"lazy\" decoding=\"async\" class=\"alignleft wp-image-2653 size-full\" style=\"margin-top: 0px;\" src=\"https:\/\/saphconference.com\/SAPH2020\/wp-content\/uploads\/2025\/03\/dahhan.jpg\" alt=\"\" width=\"100\" height=\"130\" \/><\/a><strong>Talal I. Dahhan, MD, MSEd, FACP, FCCP<\/strong><br \/>\nConsultant, Pulmonary Medicine,<br \/>\nPulmonary Vascular Diseases and Critical Care<br \/>\nAssistant Professor of Medicine,<br \/>\nDuke and Alfaisal Universities<br \/>\nKing Faisal Specialist Hospital and Research Centre- Riyadh<br \/>\n<span style=\"color: #326cb5; font-weight: 500;\">Riyadh, Saudi Arabia<\/span><\/td>\n<td valign=\"top\" width=\"364\"><a href=\"https:\/\/saphconference.com\/SAPH2020\/wp-content\/uploads\/2025\/03\/galie_profile.jpg\"><img loading=\"lazy\" decoding=\"async\" class=\"alignleft wp-image-2654 size-full\" style=\"margin-top: 0px;\" src=\"https:\/\/saphconference.com\/SAPH2020\/wp-content\/uploads\/2025\/03\/galie.jpg\" alt=\"\" width=\"100\" height=\"130\" \/><\/a><strong>Prof. Nazzareno Gali\u00e8, MD<\/strong><br \/>\nFull Professor of Cardiology Alma Mater Studiorum,<br \/>\nUniversity of Bologna<br \/>\nDirector Post-graduate School of<br \/>\nCardiovascular Diseases<br \/>\n<span style=\"color: #326cb5; font-weight: 500;\">Bologna, Italy<\/span><\/td>\n<\/tr>\n<\/tbody>\n<\/table>\n<table style=\"line-height: 15px;\" width=\"930\">\n<tbody>\n<tr>\n<td valign=\"top\" width=\"366\"><a href=\"https:\/\/saphconference.com\/SAPH2020\/wp-content\/uploads\/2025\/03\/howard_profile.jpg\"><img loading=\"lazy\" decoding=\"async\" class=\"alignleft wp-image-2656 size-full\" style=\"margin-top: 0px;\" src=\"https:\/\/saphconference.com\/SAPH2020\/wp-content\/uploads\/2025\/03\/howard-1.jpg\" alt=\"\" width=\"100\" height=\"130\" \/><\/a><strong>Luke Howard, MA, MB, BChir, DPhil, FRCP<\/strong><br \/>\nConsultant Respiratory Physician<br \/>\nImperial College Healthcare,<br \/>\nNHS Trust, London<br \/>\n<span style=\"color: #326cb5; font-weight: 500;\">London, United Kingdom<\/span><\/td>\n<td valign=\"top\" width=\"364\"><a href=\"https:\/\/saphconference.com\/SAPH2020\/wp-content\/uploads\/2025\/03\/humbert_profile.jpg\"><img loading=\"lazy\" decoding=\"async\" class=\"alignleft wp-image-2657 size-full\" style=\"margin-top: 0px;\" src=\"https:\/\/saphconference.com\/SAPH2020\/wp-content\/uploads\/2025\/03\/humbert.jpg\" alt=\"\" width=\"100\" height=\"130\" \/><\/a><strong>Prof. Marc Humbert, MD, PhD<\/strong><br \/>\nUniversit\u00e9 Paris-Saclay<br \/>\nDirector of the Department of Respiratory<br \/>\nand Intensive Care Medicine<br \/>\nFrench Pulmonary Hypertension Reference Center<br \/>\nH\u00f4pital Bic\u00eatre, Assistance Publique H\u00f4pitaux de Paris<br \/>\nVice President, European Respiratory Society<br \/>\n<span style=\"color: #326cb5; font-weight: 500;\">Paris, France<\/span><\/td>\n<\/tr>\n<\/tbody>\n<\/table>\n<table style=\"line-height: 15px;\" width=\"930\">\n<tbody>\n<tr>\n<td valign=\"top\" width=\"366\"><a href=\"https:\/\/saphconference.com\/SAPH2020\/wp-content\/uploads\/2025\/03\/idrees_profile.jpg\"><img loading=\"lazy\" decoding=\"async\" class=\"alignleft wp-image-2658 size-full\" style=\"margin-top: 0px;\" src=\"https:\/\/saphconference.com\/SAPH2020\/wp-content\/uploads\/2025\/03\/idrees.jpg\" alt=\"\" width=\"100\" height=\"130\" \/><\/a><strong>Prof. Majdy Idrees, MD, FRCPC, FPVRI<\/strong><br \/>\nAdjunct Professor of Respiratory Medicine<br \/>\nUniversity of British Columbia, Vancouver, Canada<br \/>\nHead, Pulmonary Vascular Unit<br \/>\nPrince Sultan Military Medical City<br \/>\n<span style=\"color: #326cb5; font-weight: 500;\">Riyadh, Saudi Arabia<\/span><\/td>\n<td valign=\"top\" width=\"364\"><a href=\"https:\/\/saphconference.com\/SAPH2020\/wp-content\/uploads\/2025\/03\/imtiaz_profile.jpg\"><img loading=\"lazy\" decoding=\"async\" class=\"alignleft wp-image-2659 size-full\" style=\"margin-top: 0px;\" src=\"https:\/\/saphconference.com\/SAPH2020\/wp-content\/uploads\/2025\/03\/imtiaz.jpg\" alt=\"\" width=\"100\" height=\"130\" \/><\/a><strong>Sadia Imtiaz, MD, MRCP (UK), FCPS (Pulm)<\/strong><br \/>\nRegistrar Pulmonary Medicine,<br \/>\nDepartment of Respiratory Medicine<br \/>\nPrince Sultan Military Medical City<br \/>\n<span style=\"color: #326cb5; font-weight: 500;\">Riyadh, Saudi Arabia<\/span><\/td>\n<\/tr>\n<\/tbody>\n<\/table>\n<table style=\"line-height: 15px;\" width=\"930\">\n<tbody>\n<tr>\n<td valign=\"top\" width=\"366\"><a href=\"https:\/\/saphconference.com\/SAPH2020\/wp-content\/uploads\/2025\/03\/lang_profile.jpg\"><img loading=\"lazy\" decoding=\"async\" class=\"alignleft wp-image-2660 size-full\" style=\"margin-top: 0px;\" src=\"https:\/\/saphconference.com\/SAPH2020\/wp-content\/uploads\/2025\/03\/lang.jpg\" alt=\"\" width=\"100\" height=\"130\" \/><\/a><strong>Prof. Irene M. Lang, MD<\/strong><br \/>\nClinical Cardiologist<br \/>\nProfessor of Vascular Biology<br \/>\nDepartment of Cardiology<br \/>\nAKH-Vienna, Medical University of Vienna<br \/>\n<span style=\"color: #326cb5; font-weight: 500;\">Wien, Austria<\/span><\/td>\n<td valign=\"top\" width=\"364\"><a href=\"https:\/\/saphconference.com\/SAPH2020\/wp-content\/uploads\/2025\/03\/matsubara_profile.jpg\"><img loading=\"lazy\" decoding=\"async\" class=\"alignleft wp-image-2661 size-full\" style=\"margin-top: 0px;\" src=\"https:\/\/saphconference.com\/SAPH2020\/wp-content\/uploads\/2025\/03\/matsubara.jpg\" alt=\"\" width=\"100\" height=\"130\" \/><\/a><strong>Prof. Hiromi Matsubara, MD, PhD<\/strong><br \/>\nDirector, Clinical Research<br \/>\nDirector, Department of Cardiology<br \/>\nNational Hospital Organization, Okayama Medical Center<br \/>\nClinical Professor of Cardiovascular Medicine<br \/>\nGraduate School of Medicine Dentistry and<br \/>\nPharmaceutical Sciences<br \/>\nOkayama University<br \/>\n<span style=\"color: #326cb5; font-weight: 500;\">Okayama, Japan<\/span><\/td>\n<\/tr>\n<\/tbody>\n<\/table>\n<table style=\"line-height: 15px;\" width=\"930\">\n<tbody>\n<tr>\n<td valign=\"top\" width=\"366\"><a href=\"https:\/\/saphconference.com\/SAPH2020\/wp-content\/uploads\/2025\/03\/rashidi_profile.jpg\"><img loading=\"lazy\" decoding=\"async\" class=\"alignleft wp-image-2662 size-full\" style=\"margin-top: 0px;\" src=\"https:\/\/saphconference.com\/SAPH2020\/wp-content\/uploads\/2025\/03\/rashidi.jpg\" alt=\"\" width=\"100\" height=\"130\" \/><\/a><strong>Seham Alrashidi, MD<\/strong><br \/>\nConsultant Rheumatology<br \/>\nProgram Director of Internal Medicine Residency Program<br \/>\nMember of Malpractice\/ Ethical Committee<br \/>\nPrince Sultan Military Medical City<br \/>\n<span style=\"color: #326cb5; font-weight: 500;\">Riyadh, Saudi Arabia<\/span><\/td>\n<td valign=\"top\" width=\"364\"><a href=\"https:\/\/saphconference.com\/SAPH2020\/wp-content\/uploads\/2025\/03\/rayes_profile.jpg\"><img loading=\"lazy\" decoding=\"async\" class=\"alignleft wp-image-2664 size-full\" style=\"margin-top: 0px;\" src=\"https:\/\/saphconference.com\/SAPH2020\/wp-content\/uploads\/2025\/03\/rayes.jpg\" alt=\"\" width=\"100\" height=\"130\" \/><\/a><strong>Hanan Al Rayes, MD<\/strong><br \/>\nConsultant Rheumatology,<br \/>\nPresident of Saudi Society for Rheumatology<br \/>\nDeputy Director of Medicine Department<br \/>\nPrince Sultan Military Medical City<br \/>\n<span style=\"color: #326cb5; font-weight: 500;\">Riyadh, Saudi Arabia<\/span><\/td>\n<\/tr>\n<\/tbody>\n<\/table>\n<table style=\"line-height: 15px;\" width=\"930\">\n<tbody>\n<tr>\n<td valign=\"top\" width=\"366\"><a href=\"https:\/\/saphconference.com\/SAPH2020\/wp-content\/uploads\/2025\/03\/sabbour_profile.jpg\"><img loading=\"lazy\" decoding=\"async\" class=\"alignleft wp-image-2665 size-full\" style=\"margin-top: 0px;\" src=\"https:\/\/saphconference.com\/SAPH2020\/wp-content\/uploads\/2025\/03\/sabbour-1.jpg\" alt=\"\" width=\"100\" height=\"130\" \/><\/a><strong>Hani Sabbour, MD, FACC, FHRS, FASE<\/strong><br \/>\nClinical Assistant Professor of Cardiology,<br \/>\nBrown University, Rhode Island, USA<br \/>\nConsultant Cardiologist<br \/>\nCleveland Clinic Abu Dhabi<br \/>\n<span style=\"color: #326cb5; font-weight: 500;\">Abu Dhabi, UAE<\/span><\/td>\n<td valign=\"top\" width=\"364\"><a href=\"https:\/\/saphconference.com\/SAPH2020\/wp-content\/uploads\/2025\/03\/saleemi_profile.jpg\"><img loading=\"lazy\" decoding=\"async\" class=\"alignleft wp-image-2667 size-full\" style=\"margin-top: 0px;\" src=\"https:\/\/saphconference.com\/SAPH2020\/wp-content\/uploads\/2025\/03\/saleemi-1.jpg\" alt=\"\" width=\"100\" height=\"130\" \/><\/a><strong>Sarfraz Saleemi, MD<\/strong><br \/>\nConsultant, Pulmonary Medicine<br \/>\nKing Faisal Specialist Hospital and Research Centre<br \/>\nAssociate Professor of Medicine<br \/>\nAlfaisal University<br \/>\n<span style=\"color: #326cb5; font-weight: 500;\">Riyadh, Saudi Arabia<\/span><\/td>\n<\/tr>\n<\/tbody>\n<\/table>\n<table style=\"line-height: 15px;\" width=\"930\">\n<tbody>\n<tr>\n<td valign=\"top\" width=\"366\"><a href=\"https:\/\/saphconference.com\/SAPH2020\/wp-content\/uploads\/2025\/03\/sakkijha_profile.jpg\"><img loading=\"lazy\" decoding=\"async\" class=\"alignleft wp-image-2666 size-full\" style=\"margin-top: 0px;\" src=\"https:\/\/saphconference.com\/SAPH2020\/wp-content\/uploads\/2025\/03\/sakkijha.jpg\" alt=\"\" width=\"100\" height=\"130\" \/><\/a><strong>Hussam Sakkijha, MD<\/strong><br \/>\nChairman, Scientific Committee<br \/>\nConsultant, Pulmonary, Critical Care and Sleep Medicine<br \/>\nKing Fahad Medical City, Riyadh<br \/>\n<span style=\"color: #326cb5; font-weight: 500;\">Riyadh, Saudi Arabia<\/span><\/td>\n<td valign=\"top\" width=\"364\"><img loading=\"lazy\" decoding=\"async\" class=\"wp-image-2668 size-full alignleft\" style=\"margin-top: 0px;\" src=\"https:\/\/saphconference.com\/SAPH2020\/wp-content\/uploads\/2025\/03\/shaya.jpg\" alt=\"\" width=\"100\" height=\"130\" \/><strong>Shaya Ahmed H. Alshaya, MD<\/strong><br \/>\nConsultant Pulmonologist,<br \/>\nCo-director of internal medicine residency program<br \/>\nPulmonary section, Medical specialties Department<br \/>\nMedical Specialties Department<br \/>\nKing Fahad Medical City<br \/>\n<span style=\"color: #326cb5; font-weight: 500;\">Riyadh, Saudi Arabia<\/span><\/td>\n<\/tr>\n<\/tbody>\n<\/table>\n<table style=\"line-height: 15px;\" width=\"930\">\n<tbody>\n<tr>\n<td valign=\"top\" width=\"366\"><a href=\"https:\/\/saphconference.com\/SAPH2020\/wp-content\/uploads\/2025\/03\/sitbon_profile.jpg\"><img loading=\"lazy\" decoding=\"async\" class=\"alignleft wp-image-2670 size-full\" style=\"margin-top: 0px;\" src=\"https:\/\/saphconference.com\/SAPH2020\/wp-content\/uploads\/2025\/03\/sitbon.jpg\" alt=\"\" width=\"100\" height=\"130\" \/><\/a><strong>Prof. Olivier Sitbon, MD, PhD<\/strong><br \/>\nProfessor of Respiratory Medicine, South Paris University<br \/>\nFrench Referral Centre for Pulmonary Hypertension,<br \/>\nDepartment of Respiratory and Intensive Care Medicine,<br \/>\nBic\u00eatre University Hospital, Le Kremlin-Bic\u00eatre, France<br \/>\n<span style=\"color: #326cb5; font-weight: 500;\">Paris, France<\/span><\/td>\n<td valign=\"top\" width=\"364\"><a href=\"https:\/\/saphconference.com\/SAPH2020\/wp-content\/uploads\/2025\/03\/simonneau_profile.jpg\"><img loading=\"lazy\" decoding=\"async\" class=\"alignleft wp-image-2669 size-full\" style=\"margin-top: 0px;\" src=\"https:\/\/saphconference.com\/SAPH2020\/wp-content\/uploads\/2025\/03\/simonneau-1.jpg\" alt=\"\" width=\"100\" height=\"130\" \/><\/a><strong>Prof. G\u00e9rald Simonneau, MD<\/strong><br \/>\nProfessor Emeritus, Respiratory Medicine<br \/>\nat Paris Sud University<br \/>\nSenior Consultant, National French r\u00e9f\u00e9rence<br \/>\nCenter for Pulmonary Hypertension<br \/>\nMarie Lannelongue and Bicetre University Hospitals<br \/>\n<span style=\"color: #326cb5; font-weight: 500;\">Paris, France<\/span><\/td>\n<\/tr>\n<\/tbody>\n<\/table>\n<table style=\"line-height: 15px;\" width=\"930\">\n<tbody>\n<tr>\n<td valign=\"top\" width=\"366\"><a href=\"https:\/\/saphconference.com\/SAPH2020\/wp-content\/uploads\/2025\/03\/vachiery_profile.jpg\"><img loading=\"lazy\" decoding=\"async\" class=\"alignleft wp-image-2671 size-full\" style=\"margin-top: 0px;\" src=\"https:\/\/saphconference.com\/SAPH2020\/wp-content\/uploads\/2025\/03\/vachiery.jpg\" alt=\"\" width=\"100\" height=\"130\" \/><\/a><strong>Prof. Jean-Luc Vachi\u00e9ry, MD<\/strong><br \/>\nClinical Professor of Cardiology,<br \/>\nDirector, Pulmonary Vascular Diseases and<br \/>\nHeart Failure Clinic,<br \/>\nH\u00f4pital Erasme \u2013 Cliniques<br \/>\nUniversitaires de Bruxelles, Belgium<br \/>\n<span style=\"color: #326cb5; font-weight: 500;\">Brussels, Belgium<\/span><\/td>\n<td valign=\"top\" width=\"364\"><a href=\"https:\/\/saphconference.com\/SAPH2020\/wp-content\/uploads\/2025\/03\/zayed_profile.jpg\"><img loading=\"lazy\" decoding=\"async\" class=\"alignleft wp-image-2672 size-full\" style=\"margin-top: 0px;\" src=\"https:\/\/saphconference.com\/SAPH2020\/wp-content\/uploads\/2025\/03\/zayed.jpg\" alt=\"\" width=\"100\" height=\"130\" \/><\/a><strong>Abeer M. Abdelsayed Zayed, MD<\/strong><br \/>\nAssistant Consultant Pulmonary Medicine<br \/>\nMember of Pulmonary Hypertension Program<br \/>\nKing Faisal Specialist Hospital and Research Center<br \/>\n<span style=\"color: #326cb5; font-weight: 500;\">Riyadh, Saudi Arabia<\/span><\/td>\n<\/tr>\n<\/tbody>\n<\/table>\n","protected":false},"excerpt":{"rendered":"<div class=\"mh-excerpt\"><p>Faculty Members (Alphabetical) Abdullah M. Aldalaan, MD Chairman, the 13th Annual Conference of Saudi Association for Pulmonary Hypertension (SAPH2020) President, Saudi Association for Pulmonary Hypertension Consultant, Pulmonologist &amp; Intensivist Department of Medicine King Faisal Specialist <a class=\"mh-excerpt-more\" href=\"https:\/\/saphconference.com\/SAPH2020\/international-new\/\" title=\"Faculty\">[&#8230;]<\/a><\/p>\n<\/div>","protected":false},"author":1,"featured_media":0,"parent":0,"menu_order":0,"comment_status":"closed","ping_status":"closed","template":"","meta":{"footnotes":""},"folder":[],"class_list":["post-1725","page","type-page","status-publish"],"_links":{"self":[{"href":"https:\/\/saphconference.com\/SAPH2020\/wp-json\/wp\/v2\/pages\/1725","targetHints":{"allow":["GET"]}}],"collection":[{"href":"https:\/\/saphconference.com\/SAPH2020\/wp-json\/wp\/v2\/pages"}],"about":[{"href":"https:\/\/saphconference.com\/SAPH2020\/wp-json\/wp\/v2\/types\/page"}],"author":[{"embeddable":true,"href":"https:\/\/saphconference.com\/SAPH2020\/wp-json\/wp\/v2\/users\/1"}],"replies":[{"embeddable":true,"href":"https:\/\/saphconference.com\/SAPH2020\/wp-json\/wp\/v2\/comments?post=1725"}],"version-history":[{"count":101,"href":"https:\/\/saphconference.com\/SAPH2020\/wp-json\/wp\/v2\/pages\/1725\/revisions"}],"predecessor-version":[{"id":3328,"href":"https:\/\/saphconference.com\/SAPH2020\/wp-json\/wp\/v2\/pages\/1725\/revisions\/3328"}],"wp:attachment":[{"href":"https:\/\/saphconference.com\/SAPH2020\/wp-json\/wp\/v2\/media?parent=1725"}],"wp:term":[{"taxonomy":"folder","embeddable":true,"href":"https:\/\/saphconference.com\/SAPH2020\/wp-json\/wp\/v2\/folder?post=1725"}],"curies":[{"name":"wp","href":"https:\/\/api.w.org\/{rel}","templated":true}]}}