{"id":1725,"date":"2025-02-23T09:52:46","date_gmt":"2025-02-23T09:52:46","guid":{"rendered":"https:\/\/frcscourse.com\/FRCSRiyadh2024\/?page_id=1725"},"modified":"2025-03-21T09:33:42","modified_gmt":"2025-03-21T09:33:42","slug":"international-new","status":"publish","type":"page","link":"https:\/\/saphconference.com\/SAPH2021\/international-new\/","title":{"rendered":"Faculty"},"content":{"rendered":"<table style=\"line-height: 15px;\" width=\"930\">\n<tbody>\n<tr>\n<td valign=\"top\" width=\"366\">\n<h2><span style=\"color: #1a3450;\">Faculty Members<\/span><\/h2>\n<\/td>\n<td valign=\"top\" width=\"364\"><\/td>\n<\/tr>\n<\/tbody>\n<\/table>\n<table style=\"line-height: 15px;\" width=\"930\">\n<tbody>\n<tr>\n<td valign=\"top\" width=\"366\"><img loading=\"lazy\" decoding=\"async\" class=\"wp-image-2576 size-full alignleft\" style=\"margin-top: 2px;\" src=\"https:\/\/saphconference.com\/SAPH2021\/wp-content\/uploads\/2025\/03\/aldalaan.jpg\" alt=\"\" width=\"100\" height=\"112\" \/><strong>Abdullah M. Aldalaan, MD<\/strong><br \/>\nChairman, the 14th Annual Conference of<br \/>\nSaudi Association for Pulmonary Hypertension (SAPH2021)<br \/>\nChairman, Saudi Association for Pulmonary Hypertension<br \/>\nConsultant, Pulmonologist &amp; Intensivist<br \/>\nDepartment of Medicine<br \/>\nKing Faisal Specialist Hospital and Research Centre<br \/>\n<span style=\"color: #326cb5; font-weight: 500;\">Riyadh, Saudi Arabia<\/span><\/td>\n<td valign=\"top\" width=\"364\"><img loading=\"lazy\" decoding=\"async\" class=\"wp-image-2605 size-full alignleft\" style=\"margin-top: 2px;\" src=\"https:\/\/saphconference.com\/SAPH2021\/wp-content\/uploads\/2025\/03\/gubaisi.jpg\" alt=\"\" width=\"100\" height=\"110\" \/><strong>Nawal Al Gubaisi, MD, SSC-Med, SF-PD<\/strong><br \/>\nConsultant Pulmonologist<br \/>\nPulmonary Hypertension Specialist<br \/>\nThe Head of Pulmonary Medicine Unit<br \/>\nKing Fahad Medical Military Complex<br \/>\n<span style=\"color: #326cb5; font-weight: 500;\">Dhahran, Saudi Arabia<\/span><\/td>\n<\/tr>\n<\/tbody>\n<\/table>\n<table style=\"line-height: 15px;\" width=\"930\">\n<tbody>\n<tr>\n<td valign=\"top\" width=\"366\"><img loading=\"lazy\" decoding=\"async\" class=\"wp-image-2597 size-full alignleft\" style=\"margin-top: 2px;\" src=\"https:\/\/saphconference.com\/SAPH2021\/wp-content\/uploads\/2025\/03\/busaidi.jpg\" alt=\"\" width=\"100\" height=\"110\" \/><strong>Nasser Al Busaidi, MBBS, FRCP (UK), FRCPI, FCCP, MSc<\/strong><br \/>\nSenior Consultant Pulmonologist<br \/>\nDepartment of Medicine, Royal Hospital<br \/>\nSultanate of Oman<br \/>\nPresident, Oman Respiratory Society<br \/>\n<span style=\"color: #326cb5; font-weight: 500;\">Muscat, Oman<\/span><\/td>\n<td valign=\"top\" width=\"364\"><img loading=\"lazy\" decoding=\"async\" class=\"wp-image-2606 size-full alignleft\" style=\"margin-top: 2px;\" src=\"https:\/\/saphconference.com\/SAPH2021\/wp-content\/uploads\/2025\/03\/hoeper.jpg\" alt=\"\" width=\"100\" height=\"110\" \/><strong>Marius M. Hoeper, MD<\/strong><br \/>\nPhysician, Intensive Care Unit<br \/>\nDepartment of Respiratory Medicine,<br \/>\nHannover Medical School<br \/>\n<span style=\"color: #326cb5; font-weight: 500;\">Hannover, Germany<\/span><\/td>\n<\/tr>\n<\/tbody>\n<\/table>\n<table style=\"line-height: 15px;\" width=\"930\">\n<tbody>\n<tr>\n<td valign=\"top\" width=\"366\"><img loading=\"lazy\" decoding=\"async\" class=\"wp-image-2598 size-full alignleft\" style=\"margin-top: 2px;\" src=\"https:\/\/saphconference.com\/SAPH2021\/wp-content\/uploads\/2025\/03\/dahhan.jpg\" alt=\"\" width=\"100\" height=\"110\" \/><strong>Talal I. Dahhan, MD, MSEd, FACP, FCCP<\/strong><br \/>\nConsultant, Pulmonary Medicine,<br \/>\nPulmonary Vascular Diseases and Critical Care<br \/>\nAssistant Professor of Medicine,<br \/>\nDuke and Alfaisal Universities<br \/>\nKing Faisal Specialist Hospital and Research Centre- Riyadh<br \/>\n<span style=\"color: #326cb5; font-weight: 500;\">Riyadh, Saudi Arabia<\/span><\/td>\n<td valign=\"top\" width=\"364\"><img loading=\"lazy\" decoding=\"async\" class=\"wp-image-2607 size-full alignleft\" style=\"margin-top: 2px;\" src=\"https:\/\/saphconference.com\/SAPH2021\/wp-content\/uploads\/2025\/03\/howard-1.jpg\" alt=\"\" width=\"100\" height=\"110\" \/><strong>Luke Howard, MA, MB, BChir, DPhil, FRCP<\/strong><br \/>\nConsultant Pulmonologist, Hammersmith Hospital,<br \/>\nImperial College Healthcare NHS Trust, London<br \/>\nHonorary Senior Lecturer, National Heart &amp; Lung Institute<br \/>\n<span style=\"color: #326cb5; font-weight: 500;\">London, United Kingdom<\/span><\/td>\n<\/tr>\n<\/tbody>\n<\/table>\n<table style=\"line-height: 15px;\" width=\"930\">\n<tbody>\n<tr>\n<td valign=\"top\" width=\"366\"><img loading=\"lazy\" decoding=\"async\" class=\"wp-image-2599 size-full alignleft\" style=\"margin-top: 2px;\" src=\"https:\/\/saphconference.com\/SAPH2021\/wp-content\/uploads\/2025\/03\/dweik.jpg\" alt=\"\" width=\"100\" height=\"110\" \/><strong>Prof. Raed Dweik, MD<\/strong><br \/>\nProfessor of Medicine, Pulmonologist<br \/>\nChairman, Respiratory Institute<br \/>\nAsthma &amp; COPD, Critical Care Medicine,<br \/>\nPleural Disease, Pulmonary Vascular Medicine<br \/>\n<span style=\"color: #326cb5; font-weight: 500;\">Cleveland, OH<\/span><\/td>\n<td valign=\"top\" width=\"364\"><img loading=\"lazy\" decoding=\"async\" class=\"wp-image-2608 size-full alignleft\" style=\"margin-top: 2px;\" src=\"https:\/\/saphconference.com\/SAPH2021\/wp-content\/uploads\/2025\/03\/humbert.jpg\" alt=\"\" width=\"100\" height=\"110\" \/><strong>Prof. Marc Humbert, MD, PhD<\/strong><br \/>\nUniversit\u00e9 Paris-Saclay<br \/>\nDirector of the Department of Respiratory<br \/>\nand Intensive Care Medicine<br \/>\nFrench Pulmonary Hypertension Reference Center<br \/>\nH\u00f4pital Bic\u00eatre, Assistance Publique H\u00f4pitaux de Paris<br \/>\nVice President, European Respiratory Society<br \/>\n<span style=\"color: #326cb5; font-weight: 500;\">Paris, France<\/span><\/td>\n<\/tr>\n<\/tbody>\n<\/table>\n<table style=\"line-height: 15px;\" width=\"930\">\n<tbody>\n<tr>\n<td valign=\"top\" width=\"366\"><img loading=\"lazy\" decoding=\"async\" class=\"wp-image-2602 size-full alignleft\" style=\"margin-top: 2px;\" src=\"https:\/\/saphconference.com\/SAPH2021\/wp-content\/uploads\/2025\/03\/galie.jpg\" alt=\"\" width=\"100\" height=\"110\" \/><strong>Prof. Nazzareno Gali\u00e8, MD<\/strong><br \/>\nFull Professor of Cardiology Director,<br \/>\nU.O.C. of Cardiology, IRCCS<br \/>\nDirector, School of Specialization in<br \/>\nCardiovascular System<br \/>\n<span style=\"color: #326cb5; font-weight: 500;\">Bologna, Italy<\/span><\/td>\n<td valign=\"top\" width=\"364\"><img loading=\"lazy\" decoding=\"async\" class=\"wp-image-2587 size-full alignleft\" style=\"margin-top: 2px;\" src=\"https:\/\/saphconference.com\/SAPH2021\/wp-content\/uploads\/2025\/03\/idrees.jpg\" alt=\"\" width=\"100\" height=\"110\" \/><strong>Prof. Majdy Idrees, MD, FRCPC, FPVRI<\/strong><br \/>\nChairman, Scientific Committee<br \/>\nHead, Pulmonary Vascular Unit<br \/>\nPrince Sultan Military Medical City<br \/>\n<span style=\"color: #326cb5; font-weight: 500;\">Riyadh, Saudi Arabia<\/span><\/td>\n<\/tr>\n<\/tbody>\n<\/table>\n<table style=\"line-height: 15px;\" width=\"930\">\n<tbody>\n<tr>\n<td valign=\"top\" width=\"366\"><img loading=\"lazy\" decoding=\"async\" class=\"wp-image-2585 size-full alignleft\" style=\"margin-top: 2px;\" src=\"https:\/\/saphconference.com\/SAPH2021\/wp-content\/uploads\/2025\/03\/ghamdi.jpg\" alt=\"\" width=\"100\" height=\"110\" \/><strong>Bader J. Alghamdi, MD<\/strong><br \/>\nConsultant, Pulmonary Medicine, Pulmonary<br \/>\nHypertension, and Clinical Cardiopulmonary Exercise Testing<br \/>\nAssistant Professor in King Saud bin Abdulaziz<br \/>\nUniversity for Health Sciences (KSAU-HS)<br \/>\nSection Head of Respirology and Director of<br \/>\nRespirology Fellowship Training Program<br \/>\nMinistry of National Guard<br \/>\n<span style=\"color: #326cb5; font-weight: 500;\">Jeddah, Saudi Arabia<\/span><\/td>\n<td valign=\"top\" width=\"364\"><img loading=\"lazy\" decoding=\"async\" class=\"wp-image-2611 size-full alignleft\" style=\"margin-top: 2px;\" src=\"https:\/\/saphconference.com\/SAPH2021\/wp-content\/uploads\/2025\/03\/kim.jpg\" alt=\"\" width=\"100\" height=\"110\" \/><br \/>\n<strong>Nick H. Kim, MD<\/strong><br \/>\nProfessor of Medicine<br \/>\nSection Chief, Pulmonary Vascular Medicine<br \/>\nMedical Director, PTE Program<br \/>\nPulmonary, Critical Care, and Sleep Medicine<br \/>\nUniversity of California San Diego<br \/>\n<span style=\"color: #326cb5; font-weight: 500;\">California, USA<\/span><\/td>\n<\/tr>\n<\/tbody>\n<\/table>\n<table style=\"line-height: 15px;\" width=\"930\">\n<tbody>\n<tr>\n<td valign=\"top\" width=\"366\"><img loading=\"lazy\" decoding=\"async\" class=\"wp-image-2604 size-full alignleft\" style=\"margin-top: 2px;\" src=\"https:\/\/saphconference.com\/SAPH2021\/wp-content\/uploads\/2025\/03\/ghofrani-1.jpg\" alt=\"\" width=\"100\" height=\"110\" \/><strong>Prof. Hossein Ardeschir Ghofrani, MD<\/strong><br \/>\nProfessor, Pulmonary Vascular Research,<br \/>\nJustus Liebig University, Giessen, Germany<br \/>\nHead, Pulmonary Hypertension Division,<br \/>\nPulmonary Vascular Research Institute<br \/>\nUniversity Hospital in Giessen<br \/>\n<span style=\"color: #326cb5; font-weight: 500;\">Giessen, Germany<\/span><\/td>\n<td valign=\"top\" width=\"364\"><strong><img loading=\"lazy\" decoding=\"async\" class=\"wp-image-2613 size-full alignleft\" style=\"margin-top: 2px;\" src=\"https:\/\/saphconference.com\/SAPH2021\/wp-content\/uploads\/2025\/03\/lang.jpg\" alt=\"\" width=\"100\" height=\"110\" \/>Prof. Irene M. Lang, MD<\/strong><br \/>\nClinical Cardiologist<br \/>\nProfessor of Vascular Biology<br \/>\nDepartment of Cardiology<br \/>\nAKH-Vienna, Medical University of Vienna<br \/>\n<span style=\"color: #326cb5; font-weight: 500;\">Vienna, Austria<\/span><\/td>\n<\/tr>\n<\/tbody>\n<\/table>\n<table style=\"line-height: 15px;\" width=\"930\">\n<tbody>\n<tr>\n<td valign=\"top\" width=\"366\"><img loading=\"lazy\" decoding=\"async\" class=\"wp-image-2615 size-full alignleft\" style=\"margin-top: 2px;\" src=\"https:\/\/saphconference.com\/SAPH2021\/wp-content\/uploads\/2025\/03\/mehta.jpg\" alt=\"\" width=\"100\" height=\"110\" \/><strong>Prof. Sanjay Mehta, MDCM, FRCP(C)<\/strong><br \/>\nDirector, Southwest Ontario Pulmonary Hypertension Clinic<br \/>\nLondon Health Sciences Centre<br \/>\nProfessor of Medicine<br \/>\nCentre for Critical Illness Research<br \/>\nLawson Health Research Institute<br \/>\nSchulich School of Medicine &amp; Dentistry, Western University<br \/>\nEternal PHriend \/ Past-Chair \/ Founding Board Member PHA<br \/>\n<span style=\"color: #326cb5; font-weight: 500;\">Ontario, Canada<\/span><\/td>\n<td valign=\"top\" width=\"364\"><img loading=\"lazy\" decoding=\"async\" class=\"wp-image-2600 size-full alignleft\" style=\"margin-top: 2px;\" src=\"https:\/\/saphconference.com\/SAPH2021\/wp-content\/uploads\/2025\/03\/elshazly.jpg\" alt=\"\" width=\"100\" height=\"110\" \/><strong>Mostafa Elshazly, MD<\/strong><br \/>\nChairman, Respiratory Crtical Care Unit<br \/>\nKasr AlAnyini School of Medicine,<br \/>\nCairo University<br \/>\n<span style=\"color: #326cb5; font-weight: 500;\">Cairo, Egypt<\/span><\/td>\n<\/tr>\n<\/tbody>\n<\/table>\n<table style=\"line-height: 15px;\" width=\"930\">\n<tbody>\n<tr>\n<td valign=\"top\" width=\"366\"><img loading=\"lazy\" decoding=\"async\" class=\"wp-image-2616 size-full alignleft\" style=\"margin-top: 2px;\" src=\"https:\/\/saphconference.com\/SAPH2021\/wp-content\/uploads\/2025\/03\/najashi-1.jpg\" alt=\"\" width=\"100\" height=\"110\" \/><strong>Khalid Al Najashi, MD, MBBS<\/strong><br \/>\nConsultant, Interventional ACHD and Pediatric Cardiology<br \/>\nPrince Sultan Cardiac Center<br \/>\nPrince Sultan Military Medical City- Riyadh<br \/>\n<span style=\"color: #326cb5; font-weight: 500;\">Riyadh, Saudi Arabia<\/span><\/td>\n<td valign=\"top\" width=\"364\"><img loading=\"lazy\" decoding=\"async\" class=\"wp-image-2624 size-full alignleft\" style=\"margin-top: 2px;\" src=\"https:\/\/saphconference.com\/SAPH2021\/wp-content\/uploads\/2025\/03\/sitbon.jpg\" alt=\"\" width=\"100\" height=\"110\" \/><strong>Prof. Olivier Sitbon, MD, PhD<\/strong><br \/>\nProfessor of Respiratory Medicine,<br \/>\nPulmonary Hypertension Reference Center (PulmoTension)<br \/>\nDepartment of Pulmonology,<br \/>\nIntensive Respiratory Care (DMU Thorinno)<br \/>\nBic\u00eatre Hospital, Paris- Saclay University<br \/>\n<span style=\"color: #326cb5; font-weight: 500;\">Le Kremlin-Bic\u00eatre, France<\/span><\/td>\n<\/tr>\n<\/tbody>\n<\/table>\n<table style=\"line-height: 15px;\" width=\"930\">\n<tbody>\n<tr>\n<td valign=\"top\" width=\"366\"><img loading=\"lazy\" decoding=\"async\" class=\"wp-image-2617 size-full alignleft\" style=\"margin-top: 2px;\" src=\"https:\/\/saphconference.com\/SAPH2021\/wp-content\/uploads\/2025\/03\/noordegraaf.jpg\" alt=\"\" width=\"100\" height=\"110\" \/><strong>Prof. Anton Vonk Noordegraaf, MD<\/strong><br \/>\nFull Professor &amp; Chair, Division of<br \/>\nPulmonary Sciences,<br \/>\nAmsterdam University Medical Center<br \/>\n<span style=\"color: #326cb5; font-weight: 500;\">Amsterdam, Netherlands<\/span><\/td>\n<td valign=\"top\" width=\"364\"><img loading=\"lazy\" decoding=\"async\" class=\"wp-image-2623 size-full alignleft\" style=\"margin-top: 2px;\" src=\"https:\/\/saphconference.com\/SAPH2021\/wp-content\/uploads\/2025\/03\/sirenko.jpg\" alt=\"\" width=\"100\" height=\"110\" \/><strong>Prof. Yuriy M. Sirenko, MD, PhD<\/strong><br \/>\nProfessor and Head of Department<br \/>\nNational Scientific Center M.D.<br \/>\nStrazhesko Institute of Cardiology<br \/>\n<span style=\"color: #326cb5; font-weight: 500;\">Kyiv, Ukraine<\/span><\/td>\n<\/tr>\n<\/tbody>\n<\/table>\n<table style=\"line-height: 15px;\" width=\"930\">\n<tbody>\n<tr>\n<td valign=\"top\" width=\"366\"><img loading=\"lazy\" decoding=\"async\" class=\"wp-image-2618 size-full alignleft\" style=\"margin-top: 2px;\" src=\"https:\/\/saphconference.com\/SAPH2021\/wp-content\/uploads\/2025\/03\/rich.jpg\" alt=\"\" width=\"100\" height=\"110\" \/><strong>Stuart Rich, MD<\/strong><br \/>\nProfessor of Medicine<br \/>\nNorthwestern University Feinberg School of Medicine<br \/>\nBluhm Cardiovascular Institute<br \/>\nPulmonary Vascular Disease Program<br \/>\n<span style=\"color: #326cb5; font-weight: 500;\">Chicago, USA<\/span><\/td>\n<td valign=\"top\" width=\"364\"><img loading=\"lazy\" decoding=\"async\" class=\"wp-image-2625 size-full alignleft\" style=\"margin-top: 2px;\" src=\"https:\/\/saphconference.com\/SAPH2021\/wp-content\/uploads\/2025\/03\/vachiery.jpg\" alt=\"\" width=\"100\" height=\"110\" \/><strong>Prof. Jean-Luc Vachi\u00e9ry, MD<\/strong><br \/>\nClinical Professor of Cardiology,<br \/>\nDirector, Pulmonary Vascular Diseases and<br \/>\nHeart Failure Clinic,<br \/>\nH\u00f4pital Erasme \u2013 Cliniques<br \/>\nUniversitaires de Bruxelles<br \/>\n<span style=\"color: #326cb5; font-weight: 500;\">Brussels, Belgium<\/span><\/td>\n<\/tr>\n<\/tbody>\n<\/table>\n<table style=\"line-height: 15px;\" width=\"930\">\n<tbody>\n<tr>\n<td valign=\"top\" width=\"366\"><img loading=\"lazy\" decoding=\"async\" class=\"wp-image-2619 size-full alignleft\" style=\"margin-top: 2px;\" src=\"https:\/\/saphconference.com\/SAPH2021\/wp-content\/uploads\/2025\/03\/sabbour-1.jpg\" alt=\"\" width=\"100\" height=\"110\" \/><strong>Hani Sabbour, MD, FACC, FHRS, FASE<\/strong><br \/>\nConsultant Cardiologist<br \/>\nCleveland Clinic Abu Dhabi<br \/>\n<span style=\"color: #326cb5; font-weight: 500;\">Abu Dhabi, UAE<\/span><\/td>\n<td valign=\"top\" width=\"364\"><img loading=\"lazy\" decoding=\"async\" class=\"wp-image-2626 size-full alignleft\" style=\"margin-top: 2px;\" src=\"https:\/\/saphconference.com\/SAPH2021\/wp-content\/uploads\/2025\/03\/zayed.jpg\" alt=\"\" width=\"100\" height=\"110\" \/><strong>Abeer Zayed, MD<\/strong><br \/>\nAssistant Consultant Pulmonary Medicine<br \/>\nMember of Pulmonary Hypertension Program<br \/>\nKing Faisal Specialist Hospital and Research Center<br \/>\n<span style=\"color: #326cb5; font-weight: 500;\">Riyadh, Saudi Arabia<\/span><\/td>\n<\/tr>\n<\/tbody>\n<\/table>\n<table style=\"line-height: 15px;\" width=\"930\">\n<tbody>\n<tr>\n<td valign=\"top\" width=\"366\"><img loading=\"lazy\" decoding=\"async\" class=\"wp-image-2590 size-full alignleft\" style=\"margin-top: 2px;\" src=\"https:\/\/saphconference.com\/SAPH2021\/wp-content\/uploads\/2025\/03\/sakkijha.jpg\" alt=\"\" width=\"100\" height=\"112\" \/><strong>Hussam Sakkijha, MD<\/strong><br \/>\nConsultant, Pulmonary, Critical Care and<br \/>\nSleep Medicine<br \/>\nKing Fahad Medical City, Riyadh<br \/>\n<span style=\"color: #326cb5; font-weight: 500;\">Riyadh, Saudi Arabia<\/span><\/td>\n<td valign=\"top\" width=\"364\"><img loading=\"lazy\" decoding=\"async\" class=\"wp-image-2610 size-full alignleft\" style=\"margin-top: 2px;\" src=\"https:\/\/saphconference.com\/SAPH2021\/wp-content\/uploads\/2025\/03\/imtiaz.jpg\" alt=\"\" width=\"100\" height=\"110\" \/><strong>Sadia Imtiaz, MD<\/strong><br \/>\nRegistrar Pulmonary Medicine<br \/>\nPrince Sultan Military Medical City<br \/>\n<span style=\"color: #326cb5; font-weight: 500;\">Riyadh, Saudi Arabia<\/span><\/td>\n<\/tr>\n<\/tbody>\n<\/table>\n<table style=\"line-height: 15px;\" width=\"930\">\n<tbody>\n<tr>\n<td valign=\"top\" width=\"366\"><img loading=\"lazy\" decoding=\"async\" class=\"wp-image-2621 size-full alignleft\" style=\"margin-top: 2px;\" src=\"https:\/\/saphconference.com\/SAPH2021\/wp-content\/uploads\/2025\/03\/saleemi-2.jpg\" alt=\"\" width=\"100\" height=\"110\" \/><strong>Sarfraz Saleemi, MD<\/strong><br \/>\nConsultant, Pulmonary Medicine<br \/>\nKing Faisal Specialist Hospital and RC<br \/>\nAssociate Professor of Medicine<br \/>\nAlfaisal University<br \/>\n<span style=\"color: #326cb5; font-weight: 500;\">Riyadh, Saudi Arabia<\/span><\/td>\n<td valign=\"top\" width=\"364\"><img loading=\"lazy\" decoding=\"async\" class=\"wp-image-2596 size-full alignleft\" style=\"margin-top: 2px;\" src=\"https:\/\/saphconference.com\/SAPH2021\/wp-content\/uploads\/2025\/03\/asiri.jpg\" alt=\"\" width=\"100\" height=\"110\" \/><strong>Yahya Asiri, MD<\/strong><br \/>\nFellow, Pulmonary Medicine<br \/>\nKing Fahad Medical City, Riyadh<br \/>\n<span style=\"color: #326cb5; font-weight: 500;\">Riyadh, Saudi Arabia<\/span><\/td>\n<\/tr>\n<\/tbody>\n<\/table>\n<table style=\"line-height: 15px;\" width=\"930\">\n<tbody>\n<tr>\n<td valign=\"top\" width=\"366\"><img loading=\"lazy\" decoding=\"async\" class=\"wp-image-2622 size-full alignleft\" style=\"margin-top: 2px;\" src=\"https:\/\/saphconference.com\/SAPH2021\/wp-content\/uploads\/2025\/03\/shaya.jpg\" alt=\"\" width=\"100\" height=\"110\" \/><strong>Shaya Ahmed H. Alshaya, MD<\/strong><br \/>\nConsultant Pulmonologist,<br \/>\nCo-director of internal medicine, residency program<br \/>\nPulmonary section, Medical specialties Department<br \/>\nMedical Specialties Department, King Fahad Medical City<br \/>\n<span style=\"color: #326cb5; font-weight: 500;\">Riyadh, Saudi Arabia<\/span><\/td>\n<td valign=\"top\" width=\"364\"><\/td>\n<\/tr>\n<\/tbody>\n<\/table>\n","protected":false},"excerpt":{"rendered":"<div class=\"mh-excerpt\"><p>Faculty Members Abdullah M. Aldalaan, MD Chairman, the 14th Annual Conference of Saudi Association for Pulmonary Hypertension (SAPH2021) Chairman, Saudi Association for Pulmonary Hypertension Consultant, Pulmonologist &amp; Intensivist Department of Medicine King Faisal Specialist Hospital <a class=\"mh-excerpt-more\" href=\"https:\/\/saphconference.com\/SAPH2021\/international-new\/\" title=\"Faculty\">[&#8230;]<\/a><\/p>\n<\/div>","protected":false},"author":1,"featured_media":0,"parent":0,"menu_order":0,"comment_status":"closed","ping_status":"closed","template":"","meta":{"footnotes":""},"class_list":["post-1725","page","type-page","status-publish"],"_links":{"self":[{"href":"https:\/\/saphconference.com\/SAPH2021\/wp-json\/wp\/v2\/pages\/1725","targetHints":{"allow":["GET"]}}],"collection":[{"href":"https:\/\/saphconference.com\/SAPH2021\/wp-json\/wp\/v2\/pages"}],"about":[{"href":"https:\/\/saphconference.com\/SAPH2021\/wp-json\/wp\/v2\/types\/page"}],"author":[{"embeddable":true,"href":"https:\/\/saphconference.com\/SAPH2021\/wp-json\/wp\/v2\/users\/1"}],"replies":[{"embeddable":true,"href":"https:\/\/saphconference.com\/SAPH2021\/wp-json\/wp\/v2\/comments?post=1725"}],"version-history":[{"count":110,"href":"https:\/\/saphconference.com\/SAPH2021\/wp-json\/wp\/v2\/pages\/1725\/revisions"}],"predecessor-version":[{"id":2668,"href":"https:\/\/saphconference.com\/SAPH2021\/wp-json\/wp\/v2\/pages\/1725\/revisions\/2668"}],"wp:attachment":[{"href":"https:\/\/saphconference.com\/SAPH2021\/wp-json\/wp\/v2\/media?parent=1725"}],"curies":[{"name":"wp","href":"https:\/\/api.w.org\/{rel}","templated":true}]}}